{"id":12150,"date":"2022-10-28T10:19:59","date_gmt":"2022-10-28T08:19:59","guid":{"rendered":"https:\/\/www.mdexx.com\/?page_id=12150"},"modified":"2022-10-28T10:19:59","modified_gmt":"2022-10-28T08:19:59","slug":"news-2","status":"publish","type":"page","link":"https:\/\/www.mdexx.com\/en\/news-2\/","title":{"rendered":"NEWS"},"content":{"rendered":"<p><img loading=\"lazy\" decoding=\"async\" class=\"alignnone wp-image-11324 size-medium\" src=\"https:\/\/www.mdexx.com\/wp-content\/uploads\/\/neue-Auszubildende-2022-300x224.jpg\" alt=\"\" width=\"300\" height=\"224\" srcset=\"https:\/\/www.mdexx.com\/wp-content\/uploads\/neue-Auszubildende-2022-300x224.jpg 300w, https:\/\/www.mdexx.com\/wp-content\/uploads\/neue-Auszubildende-2022-1024x764.jpg 1024w, https:\/\/www.mdexx.com\/wp-content\/uploads\/neue-Auszubildende-2022-768x573.jpg 768w, https:\/\/www.mdexx.com\/wp-content\/uploads\/neue-Auszubildende-2022-1536x1146.jpg 1536w, https:\/\/www.mdexx.com\/wp-content\/uploads\/neue-Auszubildende-2022.jpg 1713w\" sizes=\"auto, (max-width: 300px) 100vw, 300px\" \/><\/p>\n<h2>mdexx begr\u00fc\u00dft auch 2022 neue Auszubildende<\/h2>\n<p>Wir hei\u00dfen Frau Diana Gacenbiller herzlich bei uns in Weyhe willkommen. Sie hat zum 01.August 2022 ihre Ausbildung zur Industriekauffrau begonnen und wird w\u00e4hrend ihrer Ausbildung die mdexx fan systems GmbH und die mdexx Magnetronic Devices GmbH kennenlernen und tatkr\u00e4ftig unterst\u00fctzen.<\/p>\n<p><em>(von links nach rechts: Personalleiterin Anika M\u00fcller, Ausbildungsleiterin Lena Uhde, Auszubildende Diana Gacenbiller)<\/em><\/p>\n","protected":false},"excerpt":{"rendered":"<p>mdexx begr\u00fc\u00dft auch 2022 neue Auszubildende Wir hei\u00dfen Frau Diana Gacenbiller herzlich bei uns in Weyhe willkommen. Sie hat zum 01.August 2022 ihre Ausbildung zur Industriekauffrau begonnen und wird w\u00e4hrend ihrer Ausbildung die mdexx fan systems GmbH und die mdexx Magnetronic Devices GmbH kennenlernen und tatkr\u00e4ftig unterst\u00fctzen. (von links nach rechts: Personalleiterin Anika M\u00fcller, Ausbildungsleiterin [&hellip;]<\/p>\n","protected":false},"author":30,"featured_media":0,"parent":0,"menu_order":0,"comment_status":"closed","ping_status":"closed","template":"","meta":{"_acf_changed":false,"footnotes":""},"simple-restrict-permission":[],"class_list":["post-12150","page","type-page","status-publish","hentry"],"acf":[],"yoast_head":"<!-- This site is optimized with the Yoast SEO plugin v27.3 - https:\/\/yoast.com\/product\/yoast-seo-wordpress\/ -->\n<title>NEWS &#8211; mdexx holding GmbH<\/title>\n<meta name=\"description\" content=\"mdexx begr\u00fc\u00dft auch 2022 neue Auszubildende Wir hei\u00dfen Frau Diana Gacenbiller herzlich bei uns in Weyhe willkommen. Sie hat zum 01.August 2022 ihre\" \/>\n<meta name=\"robots\" content=\"index, follow, max-snippet:-1, max-image-preview:large, max-video-preview:-1\" \/>\n<link rel=\"canonical\" href=\"https:\/\/www.mdexx.com\/en\/news-2\/\" \/>\n<meta property=\"og:locale\" content=\"en_US\" \/>\n<meta property=\"og:type\" content=\"article\" \/>\n<meta property=\"og:title\" content=\"NEWS &#8211; mdexx holding GmbH\" \/>\n<meta property=\"og:description\" content=\"mdexx begr\u00fc\u00dft auch 2022 neue Auszubildende Wir hei\u00dfen Frau Diana Gacenbiller herzlich bei uns in Weyhe willkommen. Sie hat zum 01.August 2022 ihre\" \/>\n<meta property=\"og:url\" content=\"https:\/\/www.mdexx.com\/en\/news-2\/\" \/>\n<meta property=\"og:site_name\" content=\"mdexx holding GmbH\" \/>\n<meta property=\"og:image\" content=\"https:\/\/www.mdexx.com\/wp-content\/uploads\/\/neue-Auszubildende-2022-300x224.jpg\" \/>\n<meta name=\"twitter:card\" content=\"summary_large_image\" \/>\n<meta name=\"twitter:label1\" content=\"Est. reading time\" \/>\n\t<meta name=\"twitter:data1\" content=\"1 minute\" \/>\n<script type=\"application\/ld+json\" class=\"yoast-schema-graph\">{\"@context\":\"https:\\\/\\\/schema.org\",\"@graph\":[{\"@type\":\"WebPage\",\"@id\":\"https:\\\/\\\/www.mdexx.com\\\/en\\\/news-2\\\/\",\"url\":\"https:\\\/\\\/www.mdexx.com\\\/en\\\/news-2\\\/\",\"name\":\"NEWS &#8211; mdexx holding GmbH\",\"isPartOf\":{\"@id\":\"https:\\\/\\\/www.mdexx.com\\\/en\\\/#website\"},\"primaryImageOfPage\":{\"@id\":\"https:\\\/\\\/www.mdexx.com\\\/en\\\/news-2\\\/#primaryimage\"},\"image\":{\"@id\":\"https:\\\/\\\/www.mdexx.com\\\/en\\\/news-2\\\/#primaryimage\"},\"thumbnailUrl\":\"https:\\\/\\\/www.mdexx.com\\\/wp-content\\\/uploads\\\/\\\/neue-Auszubildende-2022-300x224.jpg\",\"datePublished\":\"2022-10-28T08:19:59+00:00\",\"description\":\"mdexx begr\u00fc\u00dft auch 2022 neue Auszubildende Wir hei\u00dfen Frau Diana Gacenbiller herzlich bei uns in Weyhe willkommen. Sie hat zum 01.August 2022 ihre\",\"breadcrumb\":{\"@id\":\"https:\\\/\\\/www.mdexx.com\\\/en\\\/news-2\\\/#breadcrumb\"},\"inLanguage\":\"en-US\",\"potentialAction\":[{\"@type\":\"ReadAction\",\"target\":[\"https:\\\/\\\/www.mdexx.com\\\/en\\\/news-2\\\/\"]}]},{\"@type\":\"ImageObject\",\"inLanguage\":\"en-US\",\"@id\":\"https:\\\/\\\/www.mdexx.com\\\/en\\\/news-2\\\/#primaryimage\",\"url\":\"https:\\\/\\\/www.mdexx.com\\\/wp-content\\\/uploads\\\/\\\/neue-Auszubildende-2022-300x224.jpg\",\"contentUrl\":\"https:\\\/\\\/www.mdexx.com\\\/wp-content\\\/uploads\\\/\\\/neue-Auszubildende-2022-300x224.jpg\"},{\"@type\":\"BreadcrumbList\",\"@id\":\"https:\\\/\\\/www.mdexx.com\\\/en\\\/news-2\\\/#breadcrumb\",\"itemListElement\":[{\"@type\":\"ListItem\",\"position\":1,\"name\":\"Startseite\",\"item\":\"https:\\\/\\\/www.mdexx.com\\\/en\\\/\"},{\"@type\":\"ListItem\",\"position\":2,\"name\":\"NEWS\"}]},{\"@type\":\"WebSite\",\"@id\":\"https:\\\/\\\/www.mdexx.com\\\/en\\\/#website\",\"url\":\"https:\\\/\\\/www.mdexx.com\\\/en\\\/\",\"name\":\"mdexx fan systems GmbH\",\"description\":\"magnetronic devices | Wickelg\u00fcter, Ventilatoren &amp; Blechbearbeitung\",\"publisher\":{\"@id\":\"https:\\\/\\\/www.mdexx.com\\\/en\\\/#organization\"},\"potentialAction\":[{\"@type\":\"SearchAction\",\"target\":{\"@type\":\"EntryPoint\",\"urlTemplate\":\"https:\\\/\\\/www.mdexx.com\\\/en\\\/?s={search_term_string}\"},\"query-input\":{\"@type\":\"PropertyValueSpecification\",\"valueRequired\":true,\"valueName\":\"search_term_string\"}}],\"inLanguage\":\"en-US\"},{\"@type\":\"Organization\",\"@id\":\"https:\\\/\\\/www.mdexx.com\\\/en\\\/#organization\",\"name\":\"mdexx GmbH\",\"url\":\"https:\\\/\\\/www.mdexx.com\\\/en\\\/\",\"logo\":{\"@type\":\"ImageObject\",\"inLanguage\":\"en-US\",\"@id\":\"https:\\\/\\\/www.mdexx.com\\\/en\\\/#\\\/schema\\\/logo\\\/image\\\/\",\"url\":\"https:\\\/\\\/www.mdexx.com\\\/wp-content\\\/uploads\\\/renewWeb\\\/logo-200x-57.jpg\",\"contentUrl\":\"https:\\\/\\\/www.mdexx.com\\\/wp-content\\\/uploads\\\/renewWeb\\\/logo-200x-57.jpg\",\"width\":200,\"height\":52,\"caption\":\"mdexx GmbH\"},\"image\":{\"@id\":\"https:\\\/\\\/www.mdexx.com\\\/en\\\/#\\\/schema\\\/logo\\\/image\\\/\"}}]}<\/script>\n<!-- \/ Yoast SEO plugin. -->","yoast_head_json":{"title":"NEWS &#8211; mdexx holding GmbH","description":"mdexx begr\u00fc\u00dft auch 2022 neue Auszubildende Wir hei\u00dfen Frau Diana Gacenbiller herzlich bei uns in Weyhe willkommen. Sie hat zum 01.August 2022 ihre","robots":{"index":"index","follow":"follow","max-snippet":"max-snippet:-1","max-image-preview":"max-image-preview:large","max-video-preview":"max-video-preview:-1"},"canonical":"https:\/\/www.mdexx.com\/en\/news-2\/","og_locale":"en_US","og_type":"article","og_title":"NEWS &#8211; mdexx holding GmbH","og_description":"mdexx begr\u00fc\u00dft auch 2022 neue Auszubildende Wir hei\u00dfen Frau Diana Gacenbiller herzlich bei uns in Weyhe willkommen. Sie hat zum 01.August 2022 ihre","og_url":"https:\/\/www.mdexx.com\/en\/news-2\/","og_site_name":"mdexx holding GmbH","og_image":[{"url":"https:\/\/www.mdexx.com\/wp-content\/uploads\/\/neue-Auszubildende-2022-300x224.jpg","type":"","width":"","height":""}],"twitter_card":"summary_large_image","twitter_misc":{"Est. reading time":"1 minute"},"schema":{"@context":"https:\/\/schema.org","@graph":[{"@type":"WebPage","@id":"https:\/\/www.mdexx.com\/en\/news-2\/","url":"https:\/\/www.mdexx.com\/en\/news-2\/","name":"NEWS &#8211; mdexx holding GmbH","isPartOf":{"@id":"https:\/\/www.mdexx.com\/en\/#website"},"primaryImageOfPage":{"@id":"https:\/\/www.mdexx.com\/en\/news-2\/#primaryimage"},"image":{"@id":"https:\/\/www.mdexx.com\/en\/news-2\/#primaryimage"},"thumbnailUrl":"https:\/\/www.mdexx.com\/wp-content\/uploads\/\/neue-Auszubildende-2022-300x224.jpg","datePublished":"2022-10-28T08:19:59+00:00","description":"mdexx begr\u00fc\u00dft auch 2022 neue Auszubildende Wir hei\u00dfen Frau Diana Gacenbiller herzlich bei uns in Weyhe willkommen. Sie hat zum 01.August 2022 ihre","breadcrumb":{"@id":"https:\/\/www.mdexx.com\/en\/news-2\/#breadcrumb"},"inLanguage":"en-US","potentialAction":[{"@type":"ReadAction","target":["https:\/\/www.mdexx.com\/en\/news-2\/"]}]},{"@type":"ImageObject","inLanguage":"en-US","@id":"https:\/\/www.mdexx.com\/en\/news-2\/#primaryimage","url":"https:\/\/www.mdexx.com\/wp-content\/uploads\/\/neue-Auszubildende-2022-300x224.jpg","contentUrl":"https:\/\/www.mdexx.com\/wp-content\/uploads\/\/neue-Auszubildende-2022-300x224.jpg"},{"@type":"BreadcrumbList","@id":"https:\/\/www.mdexx.com\/en\/news-2\/#breadcrumb","itemListElement":[{"@type":"ListItem","position":1,"name":"Startseite","item":"https:\/\/www.mdexx.com\/en\/"},{"@type":"ListItem","position":2,"name":"NEWS"}]},{"@type":"WebSite","@id":"https:\/\/www.mdexx.com\/en\/#website","url":"https:\/\/www.mdexx.com\/en\/","name":"mdexx fan systems GmbH","description":"magnetronic devices | Wickelg\u00fcter, Ventilatoren &amp; Blechbearbeitung","publisher":{"@id":"https:\/\/www.mdexx.com\/en\/#organization"},"potentialAction":[{"@type":"SearchAction","target":{"@type":"EntryPoint","urlTemplate":"https:\/\/www.mdexx.com\/en\/?s={search_term_string}"},"query-input":{"@type":"PropertyValueSpecification","valueRequired":true,"valueName":"search_term_string"}}],"inLanguage":"en-US"},{"@type":"Organization","@id":"https:\/\/www.mdexx.com\/en\/#organization","name":"mdexx GmbH","url":"https:\/\/www.mdexx.com\/en\/","logo":{"@type":"ImageObject","inLanguage":"en-US","@id":"https:\/\/www.mdexx.com\/en\/#\/schema\/logo\/image\/","url":"https:\/\/www.mdexx.com\/wp-content\/uploads\/renewWeb\/logo-200x-57.jpg","contentUrl":"https:\/\/www.mdexx.com\/wp-content\/uploads\/renewWeb\/logo-200x-57.jpg","width":200,"height":52,"caption":"mdexx GmbH"},"image":{"@id":"https:\/\/www.mdexx.com\/en\/#\/schema\/logo\/image\/"}}]}},"_links":{"self":[{"href":"https:\/\/www.mdexx.com\/en\/wp-json\/wp\/v2\/pages\/12150","targetHints":{"allow":["GET"]}}],"collection":[{"href":"https:\/\/www.mdexx.com\/en\/wp-json\/wp\/v2\/pages"}],"about":[{"href":"https:\/\/www.mdexx.com\/en\/wp-json\/wp\/v2\/types\/page"}],"author":[{"embeddable":true,"href":"https:\/\/www.mdexx.com\/en\/wp-json\/wp\/v2\/users\/30"}],"replies":[{"embeddable":true,"href":"https:\/\/www.mdexx.com\/en\/wp-json\/wp\/v2\/comments?post=12150"}],"version-history":[{"count":1,"href":"https:\/\/www.mdexx.com\/en\/wp-json\/wp\/v2\/pages\/12150\/revisions"}],"predecessor-version":[{"id":12151,"href":"https:\/\/www.mdexx.com\/en\/wp-json\/wp\/v2\/pages\/12150\/revisions\/12151"}],"wp:attachment":[{"href":"https:\/\/www.mdexx.com\/en\/wp-json\/wp\/v2\/media?parent=12150"}],"wp:term":[{"taxonomy":"simple-restrict-permission","embeddable":true,"href":"https:\/\/www.mdexx.com\/en\/wp-json\/wp\/v2\/simple-restrict-permission?post=12150"}],"curies":[{"name":"wp","href":"https:\/\/api.w.org\/{rel}","templated":true}]}}