{"id":1344,"date":"2018-07-28T05:39:28","date_gmt":"2018-07-28T05:39:28","guid":{"rendered":"https:\/\/www.mdexx.com\/company\/leistungsbereiche\/forschung-entwicklung\/"},"modified":"2018-09-10T09:26:00","modified_gmt":"2018-09-10T09:26:00","slug":"forschung-entwicklung","status":"publish","type":"page","link":"https:\/\/www.mdexx.com\/en\/company\/leistungsbereiche\/forschung-entwicklung\/","title":{"rendered":"Research \/ Development"},"content":{"rendered":"<p>Mit mdexx neue Ma\u00dfst\u00e4be setzen: Unsere Entwicklung bewegt sich qualitativ im High-End-Bereich. Dieses Niveau ist f\u00fcr uns der Standard und die Referenz neuer Projekte. Um unsere dauerhaft hohe Innovationskraft des Unternehmens zu untermauern, beteiligen wir uns regelm\u00e4\u00dfig an verschiedensten Forschungsthemen. Bei besonders komplexen Fragestellungen arbeiten wir mit hochspezialisierten Firmen oder Universit\u00e4ten zusammen \u2013 und denken dabei auch an die Zukunft: Im Rahmen dieser Kooperation betreuten wir Diplomarbeiten und bilden die n\u00e4chste Generation an Ingenieuren, Technikern und technischen Produktdesignern aus.<\/p>\n<p>Bei Projekten, in denen andere an ihre Grenzen sto\u00dfen, kommt mdexx ins Spiel!<\/p>\n<p>Hoch qualifizierte Mitarbeiter in der Entwicklung und Konstruktion sowie modernste Mess- und Pr\u00fcfeinrichtungen sind die Gew\u00e4hr daf\u00fcr, dass die mdexx-Produkteigenschaften immer den h\u00f6chsten Qualit\u00e4tsanspr\u00fcchen gerecht werden. Auf rund 1.000 Quadratmetern Laborfl\u00e4che in Deutschland und Tschechien werden Neuentwicklungen getestet, Typpr\u00fcfungen nach nationalen und internationalen Normen absolviert sowie System-, Alterungs- und Materialpr\u00fcfungen durchgef\u00fchrt. Das ist branchenweit einmalig in Europa!<\/p>\n<p>In den mdexx Labors mit autarker Stromversorgung werden z.B. Drosseln und Filter untersucht, die elektromagnetische Vertr\u00e4glichkeit getestet, Sto\u00dfspannungspr\u00fcfungen durchgef\u00fchrt und Warml\u00e4ufe absolviert. Im mdexx Ventilatoren-Labor k\u00f6nnen umfassende lufttechnische Messungen in genormten Kammerpr\u00fcfst\u00e4nden und Rohrmessstrecken durchgef\u00fchrt werden. Sie geben Aufschl\u00fcsse \u00fcber die Ventilatorkennlinien und die Leistungsdaten der Motoren.<\/p>\n","protected":false},"excerpt":{"rendered":"<p>Mit mdexx neue Ma\u00dfst\u00e4be setzen: Unsere Entwicklung bewegt sich qualitativ im High-End-Bereich. Dieses Niveau ist f\u00fcr uns der Standard und die Referenz neuer Projekte. Um unsere dauerhaft hohe Innovationskraft des Unternehmens zu untermauern, beteiligen wir uns regelm\u00e4\u00dfig an verschiedensten Forschungsthemen. Bei besonders komplexen Fragestellungen arbeiten wir mit hochspezialisierten Firmen oder Universit\u00e4ten zusammen \u2013 und denken [&hellip;]<\/p>\n","protected":false},"author":1,"featured_media":0,"parent":1329,"menu_order":0,"comment_status":"closed","ping_status":"closed","template":"","meta":{"_acf_changed":false,"footnotes":""},"simple-restrict-permission":[],"class_list":["post-1344","page","type-page","status-publish","hentry"],"acf":[],"yoast_head":"<!-- This site is optimized with the Yoast SEO plugin v27.4 - https:\/\/yoast.com\/product\/yoast-seo-wordpress\/ -->\n<title>Research \/ Development &#8211; mdexx holding GmbH<\/title>\n<meta name=\"description\" content=\"Mit mdexx neue Ma\u00dfst\u00e4be setzen: Unsere Entwicklung bewegt sich qualitativ im High-End-Bereich. Dieses Niveau ist f\u00fcr uns der Standard und die Referenz\" \/>\n<meta name=\"robots\" content=\"index, follow, max-snippet:-1, max-image-preview:large, max-video-preview:-1\" \/>\n<link rel=\"canonical\" href=\"https:\/\/www.mdexx.com\/en\/company\/leistungsbereiche\/forschung-entwicklung\/\" \/>\n<meta property=\"og:locale\" content=\"en_US\" \/>\n<meta property=\"og:type\" content=\"article\" \/>\n<meta property=\"og:title\" content=\"Research \/ Development &#8211; mdexx holding GmbH\" \/>\n<meta property=\"og:description\" content=\"Mit mdexx neue Ma\u00dfst\u00e4be setzen: Unsere Entwicklung bewegt sich qualitativ im High-End-Bereich. Dieses Niveau ist f\u00fcr uns der Standard und die Referenz\" \/>\n<meta property=\"og:url\" content=\"https:\/\/www.mdexx.com\/en\/company\/leistungsbereiche\/forschung-entwicklung\/\" \/>\n<meta property=\"og:site_name\" content=\"mdexx holding GmbH\" \/>\n<meta property=\"article:modified_time\" content=\"2018-09-10T09:26:00+00:00\" \/>\n<meta property=\"og:image\" content=\"https:\/\/www.mdexx.com\/wp-content\/uploads\/2018\/08\/Header_Standort-DE-neu.jpg\" \/>\n\t<meta property=\"og:image:width\" content=\"2000\" \/>\n\t<meta property=\"og:image:height\" content=\"1100\" \/>\n\t<meta property=\"og:image:type\" content=\"image\/jpeg\" \/>\n<meta name=\"twitter:card\" content=\"summary_large_image\" \/>\n<meta name=\"twitter:label1\" content=\"Est. reading time\" \/>\n\t<meta name=\"twitter:data1\" content=\"1 minute\" \/>\n<script type=\"application\/ld+json\" class=\"yoast-schema-graph\">{\"@context\":\"https:\\\/\\\/schema.org\",\"@graph\":[{\"@type\":\"WebPage\",\"@id\":\"https:\\\/\\\/www.mdexx.com\\\/en\\\/company\\\/leistungsbereiche\\\/forschung-entwicklung\\\/\",\"url\":\"https:\\\/\\\/www.mdexx.com\\\/en\\\/company\\\/leistungsbereiche\\\/forschung-entwicklung\\\/\",\"name\":\"Research \\\/ Development &#8211; mdexx holding GmbH\",\"isPartOf\":{\"@id\":\"https:\\\/\\\/www.mdexx.com\\\/en\\\/#website\"},\"datePublished\":\"2018-07-28T05:39:28+00:00\",\"dateModified\":\"2018-09-10T09:26:00+00:00\",\"description\":\"Mit mdexx neue Ma\u00dfst\u00e4be setzen: Unsere Entwicklung bewegt sich qualitativ im High-End-Bereich. Dieses Niveau ist f\u00fcr uns der Standard und die Referenz\",\"breadcrumb\":{\"@id\":\"https:\\\/\\\/www.mdexx.com\\\/en\\\/company\\\/leistungsbereiche\\\/forschung-entwicklung\\\/#breadcrumb\"},\"inLanguage\":\"en-US\",\"potentialAction\":[{\"@type\":\"ReadAction\",\"target\":[\"https:\\\/\\\/www.mdexx.com\\\/en\\\/company\\\/leistungsbereiche\\\/forschung-entwicklung\\\/\"]}]},{\"@type\":\"BreadcrumbList\",\"@id\":\"https:\\\/\\\/www.mdexx.com\\\/en\\\/company\\\/leistungsbereiche\\\/forschung-entwicklung\\\/#breadcrumb\",\"itemListElement\":[{\"@type\":\"ListItem\",\"position\":1,\"name\":\"Startseite\",\"item\":\"https:\\\/\\\/www.mdexx.com\\\/en\\\/\"},{\"@type\":\"ListItem\",\"position\":2,\"name\":\"Company\",\"item\":\"https:\\\/\\\/www.mdexx.com\\\/en\\\/company\\\/\"},{\"@type\":\"ListItem\",\"position\":3,\"name\":\"Performance range\",\"item\":\"https:\\\/\\\/www.mdexx.com\\\/en\\\/company\\\/leistungsbereiche\\\/\"},{\"@type\":\"ListItem\",\"position\":4,\"name\":\"Research \\\/ Development\"}]},{\"@type\":\"WebSite\",\"@id\":\"https:\\\/\\\/www.mdexx.com\\\/en\\\/#website\",\"url\":\"https:\\\/\\\/www.mdexx.com\\\/en\\\/\",\"name\":\"mdexx fan systems GmbH\",\"description\":\"magnetronic devices | Wickelg\u00fcter, Ventilatoren &amp; Blechbearbeitung\",\"publisher\":{\"@id\":\"https:\\\/\\\/www.mdexx.com\\\/en\\\/#organization\"},\"potentialAction\":[{\"@type\":\"SearchAction\",\"target\":{\"@type\":\"EntryPoint\",\"urlTemplate\":\"https:\\\/\\\/www.mdexx.com\\\/en\\\/?s={search_term_string}\"},\"query-input\":{\"@type\":\"PropertyValueSpecification\",\"valueRequired\":true,\"valueName\":\"search_term_string\"}}],\"inLanguage\":\"en-US\"},{\"@type\":\"Organization\",\"@id\":\"https:\\\/\\\/www.mdexx.com\\\/en\\\/#organization\",\"name\":\"mdexx GmbH\",\"url\":\"https:\\\/\\\/www.mdexx.com\\\/en\\\/\",\"logo\":{\"@type\":\"ImageObject\",\"inLanguage\":\"en-US\",\"@id\":\"https:\\\/\\\/www.mdexx.com\\\/en\\\/#\\\/schema\\\/logo\\\/image\\\/\",\"url\":\"https:\\\/\\\/www.mdexx.com\\\/wp-content\\\/uploads\\\/renewWeb\\\/logo-200x-57.jpg\",\"contentUrl\":\"https:\\\/\\\/www.mdexx.com\\\/wp-content\\\/uploads\\\/renewWeb\\\/logo-200x-57.jpg\",\"width\":200,\"height\":52,\"caption\":\"mdexx GmbH\"},\"image\":{\"@id\":\"https:\\\/\\\/www.mdexx.com\\\/en\\\/#\\\/schema\\\/logo\\\/image\\\/\"}}]}<\/script>\n<!-- \/ Yoast SEO plugin. -->","yoast_head_json":{"title":"Research \/ Development &#8211; mdexx holding GmbH","description":"Mit mdexx neue Ma\u00dfst\u00e4be setzen: Unsere Entwicklung bewegt sich qualitativ im High-End-Bereich. Dieses Niveau ist f\u00fcr uns der Standard und die Referenz","robots":{"index":"index","follow":"follow","max-snippet":"max-snippet:-1","max-image-preview":"max-image-preview:large","max-video-preview":"max-video-preview:-1"},"canonical":"https:\/\/www.mdexx.com\/en\/company\/leistungsbereiche\/forschung-entwicklung\/","og_locale":"en_US","og_type":"article","og_title":"Research \/ Development &#8211; mdexx holding GmbH","og_description":"Mit mdexx neue Ma\u00dfst\u00e4be setzen: Unsere Entwicklung bewegt sich qualitativ im High-End-Bereich. Dieses Niveau ist f\u00fcr uns der Standard und die Referenz","og_url":"https:\/\/www.mdexx.com\/en\/company\/leistungsbereiche\/forschung-entwicklung\/","og_site_name":"mdexx holding GmbH","article_modified_time":"2018-09-10T09:26:00+00:00","og_image":[{"width":2000,"height":1100,"url":"https:\/\/www.mdexx.com\/wp-content\/uploads\/2018\/08\/Header_Standort-DE-neu.jpg","type":"image\/jpeg"}],"twitter_card":"summary_large_image","twitter_misc":{"Est. reading time":"1 minute"},"schema":{"@context":"https:\/\/schema.org","@graph":[{"@type":"WebPage","@id":"https:\/\/www.mdexx.com\/en\/company\/leistungsbereiche\/forschung-entwicklung\/","url":"https:\/\/www.mdexx.com\/en\/company\/leistungsbereiche\/forschung-entwicklung\/","name":"Research \/ Development &#8211; mdexx holding GmbH","isPartOf":{"@id":"https:\/\/www.mdexx.com\/en\/#website"},"datePublished":"2018-07-28T05:39:28+00:00","dateModified":"2018-09-10T09:26:00+00:00","description":"Mit mdexx neue Ma\u00dfst\u00e4be setzen: Unsere Entwicklung bewegt sich qualitativ im High-End-Bereich. Dieses Niveau ist f\u00fcr uns der Standard und die Referenz","breadcrumb":{"@id":"https:\/\/www.mdexx.com\/en\/company\/leistungsbereiche\/forschung-entwicklung\/#breadcrumb"},"inLanguage":"en-US","potentialAction":[{"@type":"ReadAction","target":["https:\/\/www.mdexx.com\/en\/company\/leistungsbereiche\/forschung-entwicklung\/"]}]},{"@type":"BreadcrumbList","@id":"https:\/\/www.mdexx.com\/en\/company\/leistungsbereiche\/forschung-entwicklung\/#breadcrumb","itemListElement":[{"@type":"ListItem","position":1,"name":"Startseite","item":"https:\/\/www.mdexx.com\/en\/"},{"@type":"ListItem","position":2,"name":"Company","item":"https:\/\/www.mdexx.com\/en\/company\/"},{"@type":"ListItem","position":3,"name":"Performance range","item":"https:\/\/www.mdexx.com\/en\/company\/leistungsbereiche\/"},{"@type":"ListItem","position":4,"name":"Research \/ Development"}]},{"@type":"WebSite","@id":"https:\/\/www.mdexx.com\/en\/#website","url":"https:\/\/www.mdexx.com\/en\/","name":"mdexx fan systems GmbH","description":"magnetronic devices | Wickelg\u00fcter, Ventilatoren &amp; Blechbearbeitung","publisher":{"@id":"https:\/\/www.mdexx.com\/en\/#organization"},"potentialAction":[{"@type":"SearchAction","target":{"@type":"EntryPoint","urlTemplate":"https:\/\/www.mdexx.com\/en\/?s={search_term_string}"},"query-input":{"@type":"PropertyValueSpecification","valueRequired":true,"valueName":"search_term_string"}}],"inLanguage":"en-US"},{"@type":"Organization","@id":"https:\/\/www.mdexx.com\/en\/#organization","name":"mdexx GmbH","url":"https:\/\/www.mdexx.com\/en\/","logo":{"@type":"ImageObject","inLanguage":"en-US","@id":"https:\/\/www.mdexx.com\/en\/#\/schema\/logo\/image\/","url":"https:\/\/www.mdexx.com\/wp-content\/uploads\/renewWeb\/logo-200x-57.jpg","contentUrl":"https:\/\/www.mdexx.com\/wp-content\/uploads\/renewWeb\/logo-200x-57.jpg","width":200,"height":52,"caption":"mdexx GmbH"},"image":{"@id":"https:\/\/www.mdexx.com\/en\/#\/schema\/logo\/image\/"}}]}},"_links":{"self":[{"href":"https:\/\/www.mdexx.com\/en\/wp-json\/wp\/v2\/pages\/1344","targetHints":{"allow":["GET"]}}],"collection":[{"href":"https:\/\/www.mdexx.com\/en\/wp-json\/wp\/v2\/pages"}],"about":[{"href":"https:\/\/www.mdexx.com\/en\/wp-json\/wp\/v2\/types\/page"}],"author":[{"embeddable":true,"href":"https:\/\/www.mdexx.com\/en\/wp-json\/wp\/v2\/users\/1"}],"replies":[{"embeddable":true,"href":"https:\/\/www.mdexx.com\/en\/wp-json\/wp\/v2\/comments?post=1344"}],"version-history":[{"count":0,"href":"https:\/\/www.mdexx.com\/en\/wp-json\/wp\/v2\/pages\/1344\/revisions"}],"up":[{"embeddable":true,"href":"https:\/\/www.mdexx.com\/en\/wp-json\/wp\/v2\/pages\/1329"}],"wp:attachment":[{"href":"https:\/\/www.mdexx.com\/en\/wp-json\/wp\/v2\/media?parent=1344"}],"wp:term":[{"taxonomy":"simple-restrict-permission","embeddable":true,"href":"https:\/\/www.mdexx.com\/en\/wp-json\/wp\/v2\/simple-restrict-permission?post=1344"}],"curies":[{"name":"wp","href":"https:\/\/api.w.org\/{rel}","templated":true}]}}