{"id":5673,"date":"2020-09-29T11:08:33","date_gmt":"2020-09-29T11:08:33","guid":{"rendered":"https:\/\/www.mdexx.com\/?page_id=5673"},"modified":"2022-11-29T13:05:34","modified_gmt":"2022-11-29T11:05:34","slug":"produktliste-ventilatoren","status":"publish","type":"page","link":"https:\/\/www.mdexx.com\/en\/ventilatoren\/produktliste-ventilatoren\/","title":{"rendered":"Product list fans"},"content":{"rendered":"<p>Do you already have a product with one of the type designations below? If so, we are happy counting you among our customers or that you are already a user of our products. Although our products can often be operated for up to 30 years without any problems, they will also reach the end of their life at some point. If you need a replacement, you&#8217;ve come to the right place. Feel free to ask us about your desired product, stating the type designation. We will make you an offer at short notice. If the desired product is no longer available, we will be happy to offer you an alternative if possible.<\/p>\n<p>Here you will find the largest selection of mdexx fans. <a href=\"https:\/\/www.mdexx.com\/cs\/ventilatory\/podpora\/kontaktni-osoby\/\">Please contact us, if you need further information.<\/a><\/p>\nwpDataTable with provided ID not found!\n<p>&nbsp;<\/p>\n[table \u201c15\u201d not found \/]<br \/>\n\n<p>&nbsp;<\/p>\n","protected":false},"excerpt":{"rendered":"<p>Do you already have a product with one of the type designations below? If so, we are happy counting you among our customers or that you are already a user of our products. Although our products can often be operated for up to 30 years without any problems, they will also reach the end of [&hellip;]<\/p>\n","protected":false},"author":24,"featured_media":812,"parent":1428,"menu_order":0,"comment_status":"closed","ping_status":"closed","template":"","meta":{"_acf_changed":false,"footnotes":""},"simple-restrict-permission":[],"class_list":["post-5673","page","type-page","status-publish","has-post-thumbnail","hentry"],"acf":[],"yoast_head":"<!-- This site is optimized with the Yoast SEO plugin v27.3 - https:\/\/yoast.com\/product\/yoast-seo-wordpress\/ -->\n<title>Produktliste Ventilatoren &#8211; mdexx GmbH &#8211; Bestellnummern im \u00dcberblick<\/title>\n<meta name=\"description\" content=\"Finden Sie hier die gr\u00f6\u00dfte Auswahl von mdexx Ventilatoren. Alle Produktbezeichnungen im \u00dcberblick. Sprechen Sie uns bei R\u00fcckfragen gerne an.\" \/>\n<meta name=\"robots\" content=\"index, follow, max-snippet:-1, max-image-preview:large, max-video-preview:-1\" \/>\n<link rel=\"canonical\" href=\"https:\/\/www.mdexx.com\/en\/ventilatoren\/produktliste-ventilatoren\/\" \/>\n<meta property=\"og:locale\" content=\"en_US\" \/>\n<meta property=\"og:type\" content=\"article\" \/>\n<meta property=\"og:title\" content=\"Produktliste Ventilatoren &#8211; mdexx GmbH &#8211; Bestellnummern im \u00dcberblick\" \/>\n<meta property=\"og:description\" content=\"Finden Sie hier die gr\u00f6\u00dfte Auswahl von mdexx Ventilatoren. Alle Produktbezeichnungen im \u00dcberblick. Sprechen Sie uns bei R\u00fcckfragen gerne an.\" \/>\n<meta property=\"og:url\" content=\"https:\/\/www.mdexx.com\/en\/ventilatoren\/produktliste-ventilatoren\/\" \/>\n<meta property=\"og:site_name\" content=\"mdexx holding GmbH\" \/>\n<meta property=\"article:modified_time\" content=\"2022-11-29T11:05:34+00:00\" \/>\n<meta property=\"og:image\" content=\"https:\/\/www.mdexx.com\/wp-content\/uploads\/2018\/08\/Bild_Downloads.jpg\" \/>\n\t<meta property=\"og:image:width\" content=\"1397\" \/>\n\t<meta property=\"og:image:height\" content=\"1000\" \/>\n\t<meta property=\"og:image:type\" content=\"image\/jpeg\" \/>\n<meta name=\"twitter:card\" content=\"summary_large_image\" \/>\n<meta name=\"twitter:label1\" content=\"Est. reading time\" \/>\n\t<meta name=\"twitter:data1\" content=\"1 minute\" \/>\n<script type=\"application\/ld+json\" class=\"yoast-schema-graph\">{\"@context\":\"https:\\\/\\\/schema.org\",\"@graph\":[{\"@type\":\"WebPage\",\"@id\":\"https:\\\/\\\/www.mdexx.com\\\/en\\\/ventilatoren\\\/produktliste-ventilatoren\\\/\",\"url\":\"https:\\\/\\\/www.mdexx.com\\\/en\\\/ventilatoren\\\/produktliste-ventilatoren\\\/\",\"name\":\"Produktliste Ventilatoren &#8211; mdexx GmbH &#8211; Bestellnummern im \u00dcberblick\",\"isPartOf\":{\"@id\":\"https:\\\/\\\/www.mdexx.com\\\/en\\\/#website\"},\"primaryImageOfPage\":{\"@id\":\"https:\\\/\\\/www.mdexx.com\\\/en\\\/ventilatoren\\\/produktliste-ventilatoren\\\/#primaryimage\"},\"image\":{\"@id\":\"https:\\\/\\\/www.mdexx.com\\\/en\\\/ventilatoren\\\/produktliste-ventilatoren\\\/#primaryimage\"},\"thumbnailUrl\":\"https:\\\/\\\/www.mdexx.com\\\/wp-content\\\/uploads\\\/2018\\\/08\\\/Bild_Downloads.jpg\",\"datePublished\":\"2020-09-29T11:08:33+00:00\",\"dateModified\":\"2022-11-29T11:05:34+00:00\",\"description\":\"Finden Sie hier die gr\u00f6\u00dfte Auswahl von mdexx Ventilatoren. Alle Produktbezeichnungen im \u00dcberblick. Sprechen Sie uns bei R\u00fcckfragen gerne an.\",\"breadcrumb\":{\"@id\":\"https:\\\/\\\/www.mdexx.com\\\/en\\\/ventilatoren\\\/produktliste-ventilatoren\\\/#breadcrumb\"},\"inLanguage\":\"en-US\",\"potentialAction\":[{\"@type\":\"ReadAction\",\"target\":[\"https:\\\/\\\/www.mdexx.com\\\/en\\\/ventilatoren\\\/produktliste-ventilatoren\\\/\"]}]},{\"@type\":\"ImageObject\",\"inLanguage\":\"en-US\",\"@id\":\"https:\\\/\\\/www.mdexx.com\\\/en\\\/ventilatoren\\\/produktliste-ventilatoren\\\/#primaryimage\",\"url\":\"https:\\\/\\\/www.mdexx.com\\\/wp-content\\\/uploads\\\/2018\\\/08\\\/Bild_Downloads.jpg\",\"contentUrl\":\"https:\\\/\\\/www.mdexx.com\\\/wp-content\\\/uploads\\\/2018\\\/08\\\/Bild_Downloads.jpg\",\"width\":1397,\"height\":1000},{\"@type\":\"BreadcrumbList\",\"@id\":\"https:\\\/\\\/www.mdexx.com\\\/en\\\/ventilatoren\\\/produktliste-ventilatoren\\\/#breadcrumb\",\"itemListElement\":[{\"@type\":\"ListItem\",\"position\":1,\"name\":\"Startseite\",\"item\":\"https:\\\/\\\/www.mdexx.com\\\/en\\\/\"},{\"@type\":\"ListItem\",\"position\":2,\"name\":\"Fans\",\"item\":\"https:\\\/\\\/www.mdexx.com\\\/en\\\/ventilatoren\\\/\"},{\"@type\":\"ListItem\",\"position\":3,\"name\":\"Product list fans\"}]},{\"@type\":\"WebSite\",\"@id\":\"https:\\\/\\\/www.mdexx.com\\\/en\\\/#website\",\"url\":\"https:\\\/\\\/www.mdexx.com\\\/en\\\/\",\"name\":\"mdexx fan systems GmbH\",\"description\":\"magnetronic devices | Wickelg\u00fcter, Ventilatoren &amp; Blechbearbeitung\",\"publisher\":{\"@id\":\"https:\\\/\\\/www.mdexx.com\\\/en\\\/#organization\"},\"potentialAction\":[{\"@type\":\"SearchAction\",\"target\":{\"@type\":\"EntryPoint\",\"urlTemplate\":\"https:\\\/\\\/www.mdexx.com\\\/en\\\/?s={search_term_string}\"},\"query-input\":{\"@type\":\"PropertyValueSpecification\",\"valueRequired\":true,\"valueName\":\"search_term_string\"}}],\"inLanguage\":\"en-US\"},{\"@type\":\"Organization\",\"@id\":\"https:\\\/\\\/www.mdexx.com\\\/en\\\/#organization\",\"name\":\"mdexx GmbH\",\"url\":\"https:\\\/\\\/www.mdexx.com\\\/en\\\/\",\"logo\":{\"@type\":\"ImageObject\",\"inLanguage\":\"en-US\",\"@id\":\"https:\\\/\\\/www.mdexx.com\\\/en\\\/#\\\/schema\\\/logo\\\/image\\\/\",\"url\":\"https:\\\/\\\/www.mdexx.com\\\/wp-content\\\/uploads\\\/renewWeb\\\/logo-200x-57.jpg\",\"contentUrl\":\"https:\\\/\\\/www.mdexx.com\\\/wp-content\\\/uploads\\\/renewWeb\\\/logo-200x-57.jpg\",\"width\":200,\"height\":52,\"caption\":\"mdexx GmbH\"},\"image\":{\"@id\":\"https:\\\/\\\/www.mdexx.com\\\/en\\\/#\\\/schema\\\/logo\\\/image\\\/\"}}]}<\/script>\n<!-- \/ Yoast SEO plugin. -->","yoast_head_json":{"title":"Produktliste Ventilatoren &#8211; mdexx GmbH &#8211; Bestellnummern im \u00dcberblick","description":"Finden Sie hier die gr\u00f6\u00dfte Auswahl von mdexx Ventilatoren. Alle Produktbezeichnungen im \u00dcberblick. Sprechen Sie uns bei R\u00fcckfragen gerne an.","robots":{"index":"index","follow":"follow","max-snippet":"max-snippet:-1","max-image-preview":"max-image-preview:large","max-video-preview":"max-video-preview:-1"},"canonical":"https:\/\/www.mdexx.com\/en\/ventilatoren\/produktliste-ventilatoren\/","og_locale":"en_US","og_type":"article","og_title":"Produktliste Ventilatoren &#8211; mdexx GmbH &#8211; Bestellnummern im \u00dcberblick","og_description":"Finden Sie hier die gr\u00f6\u00dfte Auswahl von mdexx Ventilatoren. Alle Produktbezeichnungen im \u00dcberblick. Sprechen Sie uns bei R\u00fcckfragen gerne an.","og_url":"https:\/\/www.mdexx.com\/en\/ventilatoren\/produktliste-ventilatoren\/","og_site_name":"mdexx holding GmbH","article_modified_time":"2022-11-29T11:05:34+00:00","og_image":[{"width":1397,"height":1000,"url":"https:\/\/www.mdexx.com\/wp-content\/uploads\/2018\/08\/Bild_Downloads.jpg","type":"image\/jpeg"}],"twitter_card":"summary_large_image","twitter_misc":{"Est. reading time":"1 minute"},"schema":{"@context":"https:\/\/schema.org","@graph":[{"@type":"WebPage","@id":"https:\/\/www.mdexx.com\/en\/ventilatoren\/produktliste-ventilatoren\/","url":"https:\/\/www.mdexx.com\/en\/ventilatoren\/produktliste-ventilatoren\/","name":"Produktliste Ventilatoren &#8211; mdexx GmbH &#8211; Bestellnummern im \u00dcberblick","isPartOf":{"@id":"https:\/\/www.mdexx.com\/en\/#website"},"primaryImageOfPage":{"@id":"https:\/\/www.mdexx.com\/en\/ventilatoren\/produktliste-ventilatoren\/#primaryimage"},"image":{"@id":"https:\/\/www.mdexx.com\/en\/ventilatoren\/produktliste-ventilatoren\/#primaryimage"},"thumbnailUrl":"https:\/\/www.mdexx.com\/wp-content\/uploads\/2018\/08\/Bild_Downloads.jpg","datePublished":"2020-09-29T11:08:33+00:00","dateModified":"2022-11-29T11:05:34+00:00","description":"Finden Sie hier die gr\u00f6\u00dfte Auswahl von mdexx Ventilatoren. Alle Produktbezeichnungen im \u00dcberblick. Sprechen Sie uns bei R\u00fcckfragen gerne an.","breadcrumb":{"@id":"https:\/\/www.mdexx.com\/en\/ventilatoren\/produktliste-ventilatoren\/#breadcrumb"},"inLanguage":"en-US","potentialAction":[{"@type":"ReadAction","target":["https:\/\/www.mdexx.com\/en\/ventilatoren\/produktliste-ventilatoren\/"]}]},{"@type":"ImageObject","inLanguage":"en-US","@id":"https:\/\/www.mdexx.com\/en\/ventilatoren\/produktliste-ventilatoren\/#primaryimage","url":"https:\/\/www.mdexx.com\/wp-content\/uploads\/2018\/08\/Bild_Downloads.jpg","contentUrl":"https:\/\/www.mdexx.com\/wp-content\/uploads\/2018\/08\/Bild_Downloads.jpg","width":1397,"height":1000},{"@type":"BreadcrumbList","@id":"https:\/\/www.mdexx.com\/en\/ventilatoren\/produktliste-ventilatoren\/#breadcrumb","itemListElement":[{"@type":"ListItem","position":1,"name":"Startseite","item":"https:\/\/www.mdexx.com\/en\/"},{"@type":"ListItem","position":2,"name":"Fans","item":"https:\/\/www.mdexx.com\/en\/ventilatoren\/"},{"@type":"ListItem","position":3,"name":"Product list fans"}]},{"@type":"WebSite","@id":"https:\/\/www.mdexx.com\/en\/#website","url":"https:\/\/www.mdexx.com\/en\/","name":"mdexx fan systems GmbH","description":"magnetronic devices | Wickelg\u00fcter, Ventilatoren &amp; Blechbearbeitung","publisher":{"@id":"https:\/\/www.mdexx.com\/en\/#organization"},"potentialAction":[{"@type":"SearchAction","target":{"@type":"EntryPoint","urlTemplate":"https:\/\/www.mdexx.com\/en\/?s={search_term_string}"},"query-input":{"@type":"PropertyValueSpecification","valueRequired":true,"valueName":"search_term_string"}}],"inLanguage":"en-US"},{"@type":"Organization","@id":"https:\/\/www.mdexx.com\/en\/#organization","name":"mdexx GmbH","url":"https:\/\/www.mdexx.com\/en\/","logo":{"@type":"ImageObject","inLanguage":"en-US","@id":"https:\/\/www.mdexx.com\/en\/#\/schema\/logo\/image\/","url":"https:\/\/www.mdexx.com\/wp-content\/uploads\/renewWeb\/logo-200x-57.jpg","contentUrl":"https:\/\/www.mdexx.com\/wp-content\/uploads\/renewWeb\/logo-200x-57.jpg","width":200,"height":52,"caption":"mdexx GmbH"},"image":{"@id":"https:\/\/www.mdexx.com\/en\/#\/schema\/logo\/image\/"}}]}},"_links":{"self":[{"href":"https:\/\/www.mdexx.com\/en\/wp-json\/wp\/v2\/pages\/5673","targetHints":{"allow":["GET"]}}],"collection":[{"href":"https:\/\/www.mdexx.com\/en\/wp-json\/wp\/v2\/pages"}],"about":[{"href":"https:\/\/www.mdexx.com\/en\/wp-json\/wp\/v2\/types\/page"}],"author":[{"embeddable":true,"href":"https:\/\/www.mdexx.com\/en\/wp-json\/wp\/v2\/users\/24"}],"replies":[{"embeddable":true,"href":"https:\/\/www.mdexx.com\/en\/wp-json\/wp\/v2\/comments?post=5673"}],"version-history":[{"count":2,"href":"https:\/\/www.mdexx.com\/en\/wp-json\/wp\/v2\/pages\/5673\/revisions"}],"predecessor-version":[{"id":22183,"href":"https:\/\/www.mdexx.com\/en\/wp-json\/wp\/v2\/pages\/5673\/revisions\/22183"}],"up":[{"embeddable":true,"href":"https:\/\/www.mdexx.com\/en\/wp-json\/wp\/v2\/pages\/1428"}],"wp:featuredmedia":[{"embeddable":true,"href":"https:\/\/www.mdexx.com\/en\/wp-json\/wp\/v2\/media\/812"}],"wp:attachment":[{"href":"https:\/\/www.mdexx.com\/en\/wp-json\/wp\/v2\/media?parent=5673"}],"wp:term":[{"taxonomy":"simple-restrict-permission","embeddable":true,"href":"https:\/\/www.mdexx.com\/en\/wp-json\/wp\/v2\/simple-restrict-permission?post=5673"}],"curies":[{"name":"wp","href":"https:\/\/api.w.org\/{rel}","templated":true}]}}